{"id":16708,"date":"2021-11-24T14:14:55","date_gmt":"2021-11-24T14:14:55","guid":{"rendered":"https:\/\/fabrega-advocats.com\/?page_id=16708"},"modified":"2022-04-12T08:12:48","modified_gmt":"2022-04-12T06:12:48","slug":"inicio","status":"publish","type":"page","link":"https:\/\/fabrega-advocats.com\/es\/","title":{"rendered":"Inicio"},"content":{"rendered":"<p>[vc_row css_animation=\u00bb\u00bb row_type=\u00bbrow\u00bb use_row_as_full_screen_section=\u00bbno\u00bb type=\u00bbgrid\u00bb angled_section=\u00bbno\u00bb text_align=\u00bbleft\u00bb background_image_as_pattern=\u00bbwithout_pattern\u00bb z_index=\u00bb\u00bb][vc_column][vc_single_image image=\u00bb16819&#8243; img_size=\u00bbfull\u00bb alignment=\u00bbcenter\u00bb qode_css_animation=\u00bb\u00bb][\/vc_column][\/vc_row][vc_row css_animation=\u00bb\u00bb row_type=\u00bbrow\u00bb use_row_as_full_screen_section=\u00bbno\u00bb type=\u00bbgrid\u00bb angled_section=\u00bbno\u00bb text_align=\u00bbleft\u00bb background_image_as_pattern=\u00bbwithout_pattern\u00bb padding_top=\u00bb73&#8243; padding_bottom=\u00bb0&#8243; background_color=\u00bb#ffffff\u00bb z_index=\u00bb\u00bb][vc_column][vc_column_text]<\/p>\n<h2 style=\"text-align: center;\">GRUP F\u00c0BREGA ADVOCATS<\/h2>\n<p>[\/vc_column_text][vc_separator type=\u00bbsmall\u00bb position=\u00bbcenter\u00bb down=\u00bb20&#8243; up=\u00bb20&#8243; color=\u00bb#7d1131&#8243; width=\u00bb200&#8243;][vc_column_text]FABREGA ADVOCATS tiene sus or\u00edgenes en 1974 y nos hemos ido adaptando a las nuevas exigencias sociales y de mercado sin perder la filosof\u00eda profesional, humana y de compromiso en la atenci\u00f3n, asesoramiento y ayuda al cliente. Casi 50 a\u00f1os nos avalan.<\/p>\n<p>Fruto de esta adaptaci\u00f3n que hizo que en su d\u00eda se ampliara F\u00e0brega Advocats incluyendo la GESTI\u00d3N DE PATRIMONIOS con la creaci\u00f3n del departamento de ADMINISTRACI\u00d3N DE FINCAS en su doble vertiente, ARRENDAMIENTOS URBANOS y COMUNIDADES DE PROPIETARIOS y un departamento COMERCIAL DE VENTA Y ALQUILER. [\/vc_column_text][vc_separator type=\u00bbtransparent\u00bb up=\u00bb45&#8243; down=\u00bb18&#8243;][\/vc_column][\/vc_row][vc_row css_animation=\u00bb\u00bb row_type=\u00bbrow\u00bb use_row_as_full_screen_section=\u00bbno\u00bb type=\u00bbgrid\u00bb angled_section=\u00bbno\u00bb text_align=\u00bbleft\u00bb background_image_as_pattern=\u00bbwithout_pattern\u00bb z_index=\u00bb\u00bb][vc_column width=\u00bb1\/3&#8243; el_class=\u00bbtext-center\u00bb][vc_single_image image=\u00bb16174&#8243; img_size=\u00bbfull\u00bb alignment=\u00bbcenter\u00bb qode_css_animation=\u00bb\u00bb][vc_separator type=\u00bbtransparent\u00bb up=\u00bb25&#8243; down=\u00bb0&#8243;][vc_column_text]<\/p>\n<h5 style=\"text-transform: uppercase;\">Abogados<\/h5>\n<p>[\/vc_column_text][vc_separator type=\u00bbtransparent\u00bb up=\u00bb6&#8243; down=\u00bb0&#8243;][vc_column_text]Departamento legal con abogados que pertenecemos al Ilustre Colegio de Abogados de Barcelona especializados en derecho. [\/vc_column_text][vc_separator type=\u00bbtransparent\u00bb up=\u00bb30&#8243; down=\u00bb0&#8243;]<a  itemprop=\"url\" href=\"\/es\/abogados\" target=\"_self\"  class=\"qbutton  center default\" style=\"margin: 0 auto; border-radius: 0px;-moz-border-radius: 0px;-webkit-border-radius: 0px; \">M\u00e1s informaci\u00f3n<\/a>[\/vc_column][vc_column width=\u00bb1\/3&#8243; el_class=\u00bbtext-center\u00bb][vc_single_image image=\u00bb16175&#8243; img_size=\u00bbfull\u00bb alignment=\u00bbcenter\u00bb qode_css_animation=\u00bb\u00bb][vc_separator type=\u00bbtransparent\u00bb up=\u00bb25&#8243; down=\u00bb0&#8243;][vc_column_text]<\/p>\n<h5 style=\"text-align: center; text-transform: uppercase;\">Administraci\u00f3n de fincas<\/h5>\n<p>[\/vc_column_text][vc_separator type=\u00bbtransparent\u00bb up=\u00bb6&#8243; down=\u00bb0&#8243;][vc_column_text]El departamento de Administraci\u00f3n de Fincas, con administradores que pertenecen al \u00abColegio de Administradores de Fincas de Barcelona y Lleida\u00bb [\/vc_column_text][vc_separator type=\u00bbtransparent\u00bb up=\u00bb30&#8243; down=\u00bb0&#8243;]<a  itemprop=\"url\" href=\"\/es\/administracion-de-fincas\" target=\"_self\"  class=\"qbutton  center default\" style=\"margin: 0 auto; border-radius: 0px;-moz-border-radius: 0px;-webkit-border-radius: 0px; \">M\u00e1s informaci\u00f3n<\/a>[\/vc_column][vc_column width=\u00bb1\/3&#8243; el_class=\u00bbtext-center\u00bb][vc_single_image image=\u00bb16176&#8243; img_size=\u00bbfull\u00bb alignment=\u00bbcenter\u00bb qode_css_animation=\u00bb\u00bb][vc_separator type=\u00bbtransparent\u00bb up=\u00bb25&#8243; down=\u00bb0&#8243;][vc_column_text]<\/p>\n<h5>Agentes inmobiliarios<\/h5>\n<p>[\/vc_column_text][vc_separator type=\u00bbtransparent\u00bb up=\u00bb6&#8243; down=\u00bb0&#8243;][vc_column_text]Departamento comercial de venta y alquileres con Colegiados que pertenecen al \u00abColegio de Agentes de la Propiedad Inmobiliaria de Barcelona\u00bb[\/vc_column_text][vc_separator type=\u00bbtransparent\u00bb up=\u00bb30&#8243; down=\u00bb0&#8243;]<a  itemprop=\"url\" href=\"\/es\/agentes-inmobiliarios\" target=\"_self\"  class=\"qbutton  center default\" style=\"margin: 0 auto; border-radius: 0px;-moz-border-radius: 0px;-webkit-border-radius: 0px; \">M\u00e1s informaci\u00f3n<\/a>[\/vc_column][\/vc_row][vc_row css_animation=\u00bb\u00bb row_type=\u00bbrow\u00bb use_row_as_full_screen_section=\u00bbno\u00bb type=\u00bbgrid\u00bb angled_section=\u00bbno\u00bb text_align=\u00bbleft\u00bb background_image_as_pattern=\u00bbwithout_pattern\u00bb z_index=\u00bb\u00bb][vc_column][vc_empty_space height=\u00bb80px\u00bb][vc_column_text]<\/p>\n<h2 style=\"text-align: center;\">\u00daLTIMAS NOTICIAS<\/h2>\n<p>[\/vc_column_text][vc_separator type=\u00bbsmall\u00bb position=\u00bbcenter\u00bb down=\u00bb20&#8243; up=\u00bb20&#8243; color=\u00bb#7d1131&#8243; width=\u00bb200&#8243;][vc_empty_space height=\u00bb20px\u00bb]<div class='blog_slider_holder clearfix '><div class='blog_slider blog_slider_carousel' data-blogs_shown='3' data-auto_start='false'><ul class='blog_slides'><li class='item'><div class=\"item_holder\"><div class=\"blog_text_holder \" ><div class=\"blog_text_holder_outer\"><div class=\"blog_text_holder_inner\"><span itemprop=\"dateCreated\" class=\"blog_slider_date_holder entry_date updated\" style= \"\">diciembre 22, 2025<meta itemprop=\"interactionCount\" content=\"UserComments: 0\"\/><\/span><h3 itemprop=\"name\" class=\"blog_slider_title entry_title\" ><a itemprop=\"url\" href=\"https:\/\/fabrega-advocats.com\/es\/2025\/12\/22\/fabrega-advocats-os-desea-feliz-navidad\/\" >F\u00c0BREGA ADVOCATS OS DESEA FELIZ NAVIDAD<\/a><\/h3><div class=\"blog_slider_categories\"><a itemprop=\"url\" class=\"blog_project_category\"  href=\"https:\/\/fabrega-advocats.com\/es\/category\/abogados\/\">Abogados \/  <\/a> <a itemprop=\"url\" class=\"blog_project_category\"  href=\"https:\/\/fabrega-advocats.com\/es\/category\/administracion-de-fincas\/\">Administraci\u00f3n de fincas \/  <\/a> <a itemprop=\"url\" class=\"blog_project_category\"  href=\"https:\/\/fabrega-advocats.com\/es\/category\/agentes-inmobiliaris\/\">Agentes inmobiliaris \/  <\/a> <a itemprop=\"url\" class=\"blog_project_category\"  href=\"https:\/\/fabrega-advocats.com\/es\/category\/otras\/\">Otras <\/a> <\/div><\/div><\/div><\/div><div class=\"blog_image_holder\"><span class=\"image\"><img loading=\"lazy\" decoding=\"async\" width=\"800\" height=\"540\" src=\"https:\/\/fabrega-advocats.com\/wp-content\/uploads\/2025\/12\/BON-NADAL-800x540.jpg\" class=\"attachment-portfolio-landscape size-portfolio-landscape wp-post-image\" alt=\"\" \/><\/span><\/div><\/div><\/li><li class='item'><div class=\"item_holder\"><div class=\"blog_text_holder \" ><div class=\"blog_text_holder_outer\"><div class=\"blog_text_holder_inner\"><span itemprop=\"dateCreated\" class=\"blog_slider_date_holder entry_date updated\" style= \"\">junio 06, 2025<meta itemprop=\"interactionCount\" content=\"UserComments: 0\"\/><\/span><h3 itemprop=\"name\" class=\"blog_slider_title entry_title\" ><a itemprop=\"url\" href=\"https:\/\/fabrega-advocats.com\/es\/2025\/06\/06\/nou-registre-de-grans-tenidors-a-catalunya\/\" >NOU REGISTRE DE GRANS  TENIDORS A CATALUNYA.<\/a><\/h3><div class=\"blog_slider_categories\"><a itemprop=\"url\" class=\"blog_project_category\"  href=\"https:\/\/fabrega-advocats.com\/es\/category\/otras\/\">Otras <\/a> <\/div><\/div><\/div><\/div><div class=\"blog_image_holder\"><span class=\"image\"><img loading=\"lazy\" decoding=\"async\" width=\"800\" height=\"600\" src=\"https:\/\/fabrega-advocats.com\/wp-content\/uploads\/2025\/06\/registre-gran-tenidor-800x600.png\" class=\"attachment-portfolio-landscape size-portfolio-landscape wp-post-image\" alt=\"\" \/><\/span><\/div><\/div><\/li><li class='item'><div class=\"item_holder\"><div class=\"blog_text_holder \" ><div class=\"blog_text_holder_outer\"><div class=\"blog_text_holder_inner\"><span itemprop=\"dateCreated\" class=\"blog_slider_date_holder entry_date updated\" style= \"\">enero 30, 2025<meta itemprop=\"interactionCount\" content=\"UserComments: 0\"\/><\/span><h3 itemprop=\"name\" class=\"blog_slider_title entry_title\" ><a itemprop=\"url\" href=\"https:\/\/fabrega-advocats.com\/es\/2025\/01\/30\/2n-congres-docupacio-il%c2%b7legal\/\" >2\u00ba CONGRESO DE OCUPACI\u00d3N ILEGAL<\/a><\/h3><div class=\"blog_slider_categories\"><a itemprop=\"url\" class=\"blog_project_category\"  href=\"https:\/\/fabrega-advocats.com\/es\/category\/otras\/\">Otras <\/a> <\/div><\/div><\/div><\/div><div class=\"blog_image_holder\"><span class=\"image\"><img loading=\"lazy\" decoding=\"async\" width=\"800\" height=\"600\" src=\"https:\/\/fabrega-advocats.com\/wp-content\/uploads\/2025\/01\/noticia-800x600.png\" class=\"attachment-portfolio-landscape size-portfolio-landscape wp-post-image\" alt=\"\" \/><\/span><\/div><\/div><\/li><li class='item'><div class=\"item_holder\"><div class=\"blog_text_holder \" ><div class=\"blog_text_holder_outer\"><div class=\"blog_text_holder_inner\"><span itemprop=\"dateCreated\" class=\"blog_slider_date_holder entry_date updated\" style= \"\">noviembre 15, 2023<meta itemprop=\"interactionCount\" content=\"UserComments: 0\"\/><\/span><h3 itemprop=\"name\" class=\"blog_slider_title entry_title\" ><a itemprop=\"url\" href=\"https:\/\/fabrega-advocats.com\/es\/2023\/11\/15\/27326\/\" >AVALLOGUER DE LA GENERALITAT<\/a><\/h3><div class=\"blog_slider_categories\"><a itemprop=\"url\" class=\"blog_project_category\"  href=\"https:\/\/fabrega-advocats.com\/es\/category\/abogados\/\">Abogados \/  <\/a> <a itemprop=\"url\" class=\"blog_project_category\"  href=\"https:\/\/fabrega-advocats.com\/es\/category\/administracion-de-fincas\/\">Administraci\u00f3n de fincas \/  <\/a> <a itemprop=\"url\" class=\"blog_project_category\"  href=\"https:\/\/fabrega-advocats.com\/es\/category\/agentes-inmobiliaris\/\">Agentes inmobiliaris <\/a> <\/div><\/div><\/div><\/div><div class=\"blog_image_holder\"><span class=\"image\"><img loading=\"lazy\" decoding=\"async\" width=\"800\" height=\"600\" src=\"https:\/\/fabrega-advocats.com\/wp-content\/uploads\/2023\/11\/6-800x600.png\" class=\"attachment-portfolio-landscape size-portfolio-landscape wp-post-image\" alt=\"\" \/><\/span><\/div><\/div><\/li><li class='item'><div class=\"item_holder\"><div class=\"blog_text_holder \" ><div class=\"blog_text_holder_outer\"><div class=\"blog_text_holder_inner\"><span itemprop=\"dateCreated\" class=\"blog_slider_date_holder entry_date updated\" style= \"\">abril 11, 2022<meta itemprop=\"interactionCount\" content=\"UserComments: 0\"\/><\/span><h3 itemprop=\"name\" class=\"blog_slider_title entry_title\" ><a itemprop=\"url\" href=\"https:\/\/fabrega-advocats.com\/es\/2022\/04\/11\/finalmente-el-boe-ha-publicado-la-sentencia-del-tc-que-declara-inconstituicional-algunos-articulos-de-la-ley-de-catalunya-11-2020-en-materia-de-contencion-de-rentas-en-los-contratos-de-arrendamient\/\" >FINALMENTE, EL BOE. HA PUBLICADO LA SENTENCIA DEL TC. QUE DECLARA INCONSTITUCIONAL ALGUNOS ARTICULOS DE LA LEY DE CATALUNYA 11\/2020 EN MATERIA DE CONTENCION DE RENTAS EN LOS CONTRATOS DE ARRENDAMIENTO DE VIVIENDA<\/a><\/h3><div class=\"blog_slider_categories\"><a itemprop=\"url\" class=\"blog_project_category\"  href=\"https:\/\/fabrega-advocats.com\/es\/category\/abogados\/\">Abogados \/  <\/a> <a itemprop=\"url\" class=\"blog_project_category\"  href=\"https:\/\/fabrega-advocats.com\/es\/category\/administracion-de-fincas\/\">Administraci\u00f3n de fincas \/  <\/a> <a itemprop=\"url\" class=\"blog_project_category\"  href=\"https:\/\/fabrega-advocats.com\/es\/category\/agentes-inmobiliaris\/\">Agentes inmobiliaris <\/a> <\/div><\/div><\/div><\/div><div class=\"blog_image_holder\"><span class=\"image\"><img loading=\"lazy\" decoding=\"async\" width=\"800\" height=\"600\" src=\"https:\/\/fabrega-advocats.com\/wp-content\/uploads\/2022\/04\/5-2-800x600.jpg\" class=\"attachment-portfolio-landscape size-portfolio-landscape wp-post-image\" alt=\"\" \/><\/span><\/div><\/div><\/li><li class='item'><div class=\"item_holder\"><div class=\"blog_text_holder \" ><div class=\"blog_text_holder_outer\"><div class=\"blog_text_holder_inner\"><span itemprop=\"dateCreated\" class=\"blog_slider_date_holder entry_date updated\" style= \"\">marzo 31, 2022<meta itemprop=\"interactionCount\" content=\"UserComments: 0\"\/><\/span><h3 itemprop=\"name\" class=\"blog_slider_title entry_title\" ><a itemprop=\"url\" href=\"https:\/\/fabrega-advocats.com\/es\/2022\/03\/31\/limitacion-del-ipc-en-contratos-de-alquiler\/\" >LIMITACI\u00d3N DEL IPC EN CONTRATOS DE ALQUILER<\/a><\/h3><div class=\"blog_slider_categories\"><a itemprop=\"url\" class=\"blog_project_category\"  href=\"https:\/\/fabrega-advocats.com\/es\/category\/abogados\/\">Abogados \/  <\/a> <a itemprop=\"url\" class=\"blog_project_category\"  href=\"https:\/\/fabrega-advocats.com\/es\/category\/administracion-de-fincas\/\">Administraci\u00f3n de fincas \/  <\/a> <a itemprop=\"url\" class=\"blog_project_category\"  href=\"https:\/\/fabrega-advocats.com\/es\/category\/agentes-inmobiliaris\/\">Agentes inmobiliaris <\/a> <\/div><\/div><\/div><\/div><div class=\"blog_image_holder\"><span class=\"image\"><img loading=\"lazy\" decoding=\"async\" width=\"800\" height=\"600\" src=\"https:\/\/fabrega-advocats.com\/wp-content\/uploads\/2022\/03\/4-8-800x600.jpg\" class=\"attachment-portfolio-landscape size-portfolio-landscape wp-post-image\" alt=\"\" \/><\/span><\/div><\/div><\/li><\/ul><ul class=\"caroufredsel-direction-nav\"><li><a id=\"caroufredsel-prev\" class=\"caroufredsel-prev\" href=\"#\"><div><i class=\"fa fa-angle-left\"><\/i><\/div><\/a><\/li><li><a class=\"caroufredsel-next\" id=\"caroufredsel-next\" href=\"#\"><div><i class=\"fa fa-angle-right\"><\/i><\/div><\/a><\/li><\/ul><\/div><\/div>[\/vc_column][\/vc_row][vc_row css_animation=\u00bb\u00bb row_type=\u00bbrow\u00bb use_row_as_full_screen_section=\u00bbno\u00bb type=\u00bbgrid\u00bb angled_section=\u00bbno\u00bb text_align=\u00bbleft\u00bb background_image_as_pattern=\u00bbwithout_pattern\u00bb z_index=\u00bb\u00bb css=\u00bb.vc_custom_1634220908675{padding-top: 80px !important;padding-bottom: 80px !important;}\u00bb][vc_column css=\u00bb.vc_custom_1634204783478{background-color: #e3e6e9 !important;}\u00bb][vc_empty_space height=\u00bb10px\u00bb][vc_column_text]<\/p>\n<h2 style=\"max-width: 666px; margin: 0 auto;\">Suscr\u00edbete a nuestra newsletter<\/h2>\n<p>[\/vc_column_text][vc_empty_space height=\u00bb10px\u00bb][vc_raw_html]PGRpdiBjbGFzcz0idG5wIHRucC1zdWJzY3JpcHRpb24iPjxmb3JtIGFjdGlvbj0iaHR0cHM6Ly9mYWJyZWdhLWFkdm9jYXRzLmNvbS8\/bmE9cyIgbWV0aG9kPSJwb3N0Ij48aW5wdXQgbmFtZT0ibmxhbmciIHR5cGU9ImhpZGRlbiIgdmFsdWU9IiIgLz4KPGRpdiBjbGFzcz0idG5wLWZpZWxkIHRucC1maWVsZC1lbWFpbCI+PGlucHV0IGNsYXNzPSJ0bnAtZW1haWwiIG5hbWU9Im5lIiByZXF1aXJlZD0iIiB0eXBlPSJlbWFpbCIgdmFsdWU9IiIgcGxhY2Vob2xkZXI9IkVzY3JpYmUgdHUgZW1haWwiIC8+IDxpbnB1dCBjbGFzcz0idG5wLXN1Ym1pdCIgdHlwZT0ic3VibWl0IiB2YWx1ZT0iRW52aWFyIiAvPjwvZGl2Pgo8ZGl2IGNsYXNzPSJ0bnAtZmllbGQgdG5wLXByaXZhY3ktZmllbGQiPjxsYWJlbD48aW5wdXQgY2xhc3M9InRucC1wcml2YWN5IiBuYW1lPSJueSIgcmVxdWlyZWQ9IiIgdHlwZT0iY2hlY2tib3giIC8+IDxhIGhyZWY9Imh0dHBzOi8vZmFicmVnYS1hZHZvY2F0cy5jb20vcG9saXRpY2EtcHJpdmFjaXRhdC8iIHRhcmdldD0iX2JsYW5rIiByZWw9Im5vb3BlbmVyIj5BY2VwdG8gbGEgcG9sw610aWNhIGRlIHByaXZhY2lkYWQ8L2E+PC9sYWJlbD48L2Rpdj4KPC9mb3JtPjwvZGl2Pg==[\/vc_raw_html][vc_empty_space height=\u00bb30px\u00bb][\/vc_column][\/vc_row][vc_row css_animation=\u00bb\u00bb row_type=\u00bbrow\u00bb use_row_as_full_screen_section=\u00bbno\u00bb type=\u00bbfull_width\u00bb angled_section=\u00bbno\u00bb text_align=\u00bbleft\u00bb background_image_as_pattern=\u00bbwithout_pattern\u00bb z_index=\u00bb\u00bb][vc_column][vc_empty_space height=\u00bb30px\u00bb][\/vc_column][\/vc_row]<\/p>\n","protected":false},"excerpt":{"rendered":"<p>[vc_row css_animation=\u00bb\u00bb row_type=\u00bbrow\u00bb use_row_as_full_screen_section=\u00bbno\u00bb type=\u00bbgrid\u00bb angled_section=\u00bbno\u00bb text_align=\u00bbleft\u00bb background_image_as_pattern=\u00bbwithout_pattern\u00bb z_index=\u00bb\u00bb][vc_column][vc_single_image image=\u00bb16819&#8243; img_size=\u00bbfull\u00bb alignment=\u00bbcenter\u00bb qode_css_animation=\u00bb\u00bb][\/vc_column][\/vc_row][vc_row css_animation=\u00bb\u00bb row_type=\u00bbrow\u00bb use_row_as_full_screen_section=\u00bbno\u00bb type=\u00bbgrid\u00bb angled_section=\u00bbno\u00bb text_align=\u00bbleft\u00bb background_image_as_pattern=\u00bbwithout_pattern\u00bb padding_top=\u00bb73&#8243; padding_bottom=\u00bb0&#8243; background_color=\u00bb#ffffff\u00bb z_index=\u00bb\u00bb][vc_column][vc_column_text] GRUP F\u00c0BREGA ADVOCATS [\/vc_column_text][vc_separator type=\u00bbsmall\u00bb position=\u00bbcenter\u00bb down=\u00bb20&#8243; up=\u00bb20&#8243; color=\u00bb#7d1131&#8243; width=\u00bb200&#8243;][vc_column_text]FABREGA ADVOCATS tiene sus or\u00edgenes en 1974 y nos hemos ido adaptando&#8230;<\/p>\n","protected":false},"author":1,"featured_media":0,"parent":0,"menu_order":0,"comment_status":"open","ping_status":"closed","template":"full_width.php","meta":{"footnotes":""},"class_list":["post-16708","page","type-page","status-publish","hentry"],"_links":{"self":[{"href":"https:\/\/fabrega-advocats.com\/es\/wp-json\/wp\/v2\/pages\/16708","targetHints":{"allow":["GET"]}}],"collection":[{"href":"https:\/\/fabrega-advocats.com\/es\/wp-json\/wp\/v2\/pages"}],"about":[{"href":"https:\/\/fabrega-advocats.com\/es\/wp-json\/wp\/v2\/types\/page"}],"author":[{"embeddable":true,"href":"https:\/\/fabrega-advocats.com\/es\/wp-json\/wp\/v2\/users\/1"}],"replies":[{"embeddable":true,"href":"https:\/\/fabrega-advocats.com\/es\/wp-json\/wp\/v2\/comments?post=16708"}],"version-history":[{"count":0,"href":"https:\/\/fabrega-advocats.com\/es\/wp-json\/wp\/v2\/pages\/16708\/revisions"}],"wp:attachment":[{"href":"https:\/\/fabrega-advocats.com\/es\/wp-json\/wp\/v2\/media?parent=16708"}],"curies":[{"name":"wp","href":"https:\/\/api.w.org\/{rel}","templated":true}]}}