{"id":16714,"date":"2021-11-24T14:16:48","date_gmt":"2021-11-24T14:16:48","guid":{"rendered":"https:\/\/fabrega-advocats.com\/?page_id=16714"},"modified":"2021-11-24T14:16:48","modified_gmt":"2021-11-24T14:16:48","slug":"administracion-de-fincas","status":"publish","type":"page","link":"https:\/\/fabrega-advocats.com\/es\/administracion-de-fincas\/","title":{"rendered":"Administraci\u00f3n de fincas"},"content":{"rendered":"<p>[vc_row css_animation=\u00bb\u00bb row_type=\u00bbrow\u00bb use_row_as_full_screen_section=\u00bbno\u00bb type=\u00bbgrid\u00bb angled_section=\u00bbno\u00bb text_align=\u00bbcenter\u00bb background_image_as_pattern=\u00bbwithout_pattern\u00bb padding_top=\u00bb82&#8243; padding_bottom=\u00bb0&#8243; background_color=\u00bb#ffffff\u00bb border_color=\u00bb#eeeeee\u00bb z_index=\u00bb\u00bb anchor=\u00bbqf2&#8243;][vc_column][vc_column_text]<\/p>\n<h2 style=\"text-align: center;\">Administraci\u00f3n de fincas<\/h2>\n<p>[\/vc_column_text][vc_separator type=\u00bbsmall\u00bb position=\u00bbcenter\u00bb down=\u00bb20&#8243; up=\u00bb20&#8243; color=\u00bb#7d1131&#8243; width=\u00bb200&#8243;][vc_row_inner row_type=\u00bbrow\u00bb type=\u00bbgrid\u00bb text_align=\u00bbcenter\u00bb css_animation=\u00bb\u00bb][vc_column_inner][vc_column_text]El departamento de Administraci\u00f3n de Fincas, con administradores pertenecientes al <strong>\u00abCOL\u00b7LEGI D&#8217;ADMINISTRADORS DE FINQUES DE BARCELONA I LLEIDA\u00bb<\/strong>, es el mas joven del despacho si bien ya ha alcanzado su mayor\u00eda de edad.Departamento din\u00e1mico y de gran profesionalidad gestiona no solamente los grandes edificios sino tambi\u00e9n el peque\u00f1o departamento, vivienda, estudio o local comercial o plaza de garaje arrendada, propiedad de particulares.<\/p>\n<p>En r\u00e9gimen de <strong>PROPIEDAD VERTICAL o ALQUILERES<\/strong>, nos encargamos de la comercializaci\u00f3n, obteniendo y revisando garant\u00edas, confeccionando los contratos, realizando la gesti\u00f3n diaria, (cobro de recibos, aumentos, incidencias, liquidaciones) hasta la finalizaci\u00f3n del contrato con la entrega de las llaves por parte del inquilino incluso, si es preciso, con las acciones Judiciales por incumplimiento de sus obligaciones contractuales, como el impago de la renta o finalizaci\u00f3n del plazo contractual.<\/p>\n<p>En r\u00e9gimen de <strong>PROPIEDAD HORIZONTAL O COMUNIDADES DE PROPIETARIOS<\/strong>, gestiona las fincas, grandes o peque\u00f1as, pero de gran valor para sus propietarios.<\/p>\n<p>Contamos con la colaboraci\u00f3n de Industriales, Agentes de Seguros, Agentes de la Propiedad Inmobiliaria, Asesores Fiscales y con los Abogados del departamento Jur\u00eddico para resolver las incidencias de manera r\u00e1pida y satisfactoria.[\/vc_column_text][vc_separator type=\u00bbtransparent\u00bb up=\u00bb111&#8243; down=\u00bb0&#8243;][\/vc_column_inner][\/vc_row_inner][\/vc_column][\/vc_row]<\/p>\n","protected":false},"excerpt":{"rendered":"<p>[vc_row css_animation=\u00bb\u00bb row_type=\u00bbrow\u00bb use_row_as_full_screen_section=\u00bbno\u00bb type=\u00bbgrid\u00bb angled_section=\u00bbno\u00bb text_align=\u00bbcenter\u00bb background_image_as_pattern=\u00bbwithout_pattern\u00bb padding_top=\u00bb82&#8243; padding_bottom=\u00bb0&#8243; background_color=\u00bb#ffffff\u00bb border_color=\u00bb#eeeeee\u00bb z_index=\u00bb\u00bb anchor=\u00bbqf2&#8243;][vc_column][vc_column_text] Administraci\u00f3n de fincas [\/vc_column_text][vc_separator type=\u00bbsmall\u00bb position=\u00bbcenter\u00bb down=\u00bb20&#8243; up=\u00bb20&#8243; color=\u00bb#7d1131&#8243; width=\u00bb200&#8243;][vc_row_inner row_type=\u00bbrow\u00bb type=\u00bbgrid\u00bb text_align=\u00bbcenter\u00bb css_animation=\u00bb\u00bb][vc_column_inner][vc_column_text]El departamento de Administraci\u00f3n de Fincas, con administradores pertenecientes al \u00abCOL\u00b7LEGI D&#8217;ADMINISTRADORS DE FINQUES DE BARCELONA I LLEIDA\u00bb,&#8230;<\/p>\n","protected":false},"author":1,"featured_media":0,"parent":0,"menu_order":0,"comment_status":"open","ping_status":"closed","template":"full_width.php","meta":{"footnotes":""},"class_list":["post-16714","page","type-page","status-publish","hentry"],"_links":{"self":[{"href":"https:\/\/fabrega-advocats.com\/es\/wp-json\/wp\/v2\/pages\/16714","targetHints":{"allow":["GET"]}}],"collection":[{"href":"https:\/\/fabrega-advocats.com\/es\/wp-json\/wp\/v2\/pages"}],"about":[{"href":"https:\/\/fabrega-advocats.com\/es\/wp-json\/wp\/v2\/types\/page"}],"author":[{"embeddable":true,"href":"https:\/\/fabrega-advocats.com\/es\/wp-json\/wp\/v2\/users\/1"}],"replies":[{"embeddable":true,"href":"https:\/\/fabrega-advocats.com\/es\/wp-json\/wp\/v2\/comments?post=16714"}],"version-history":[{"count":0,"href":"https:\/\/fabrega-advocats.com\/es\/wp-json\/wp\/v2\/pages\/16714\/revisions"}],"wp:attachment":[{"href":"https:\/\/fabrega-advocats.com\/es\/wp-json\/wp\/v2\/media?parent=16714"}],"curies":[{"name":"wp","href":"https:\/\/api.w.org\/{rel}","templated":true}]}}