{"id":16716,"date":"2021-11-24T14:17:29","date_gmt":"2021-11-24T14:17:29","guid":{"rendered":"https:\/\/fabrega-advocats.com\/?page_id=16716"},"modified":"2021-11-24T14:17:29","modified_gmt":"2021-11-24T14:17:29","slug":"abogados","status":"publish","type":"page","link":"https:\/\/fabrega-advocats.com\/es\/abogados\/","title":{"rendered":"Abogados"},"content":{"rendered":"<p>[vc_row css_animation=\u00bb\u00bb row_type=\u00bbrow\u00bb use_row_as_full_screen_section=\u00bbno\u00bb type=\u00bbgrid\u00bb angled_section=\u00bbno\u00bb text_align=\u00bbleft\u00bb background_image_as_pattern=\u00bbwithout_pattern\u00bb padding_top=\u00bb82&#8243; padding_bottom=\u00bb0&#8243; background_color=\u00bb#ffffff\u00bb z_index=\u00bb\u00bb anchor=\u00bbqf1&#8243;][vc_column][vc_column_text]<\/p>\n<h2 style=\"text-align: center;\">Abogados<\/h2>\n<p>[\/vc_column_text][vc_separator type=\u00bbsmall\u00bb position=\u00bbcenter\u00bb down=\u00bb20&#8243; up=\u00bb20&#8243; color=\u00bb#7d1131&#8243; width=\u00bb200&#8243;][vc_row_inner row_type=\u00bbrow\u00bb type=\u00bbfull_width\u00bb text_align=\u00bbleft\u00bb css_animation=\u00bb\u00bb][vc_column_inner][vc_column_text]<\/p>\n<p style=\"text-align: center;\">Departamento legal con abogados pertenecientes al \u00abIL\u00b7LUSTRE COL\u00b7LEGI D&#8217;ADVOCATS DE BARCELONA\u00bb especializados en derecho.<\/p>\n<p>[\/vc_column_text][vc_separator type=\u00bbtransparent\u00bb up=\u00bb111&#8243; down=\u00bb0&#8243;][\/vc_column_inner][\/vc_row_inner][\/vc_column][\/vc_row][vc_row css_animation=\u00bb\u00bb row_type=\u00bbrow\u00bb use_row_as_full_screen_section=\u00bbno\u00bb type=\u00bbgrid\u00bb angled_section=\u00bbno\u00bb text_align=\u00bbleft\u00bb background_image_as_pattern=\u00bbwithout_pattern\u00bb padding_top=\u00bb0&#8243; padding_bottom=\u00bb50&#8243; background_color=\u00bb#ffffff\u00bb z_index=\u00bb\u00bb border_color=\u00bb#eeeeee\u00bb][vc_column][vc_row_inner row_type=\u00bbrow\u00bb type=\u00bbfull_width\u00bb text_align=\u00bbleft\u00bb css_animation=\u00bb\u00bb][vc_column_inner width=\u00bb1\/3&#8243;]<div class='q_icon_with_title tiny normal_icon '><div class=\"icon_holder q_icon_animation\" style=\" transition-delay: 100ms; -webkit-transition-delay: 100ms; -moz-transition-delay: 100ms; -o-transition-delay: 100ms;\"><span data-icon-type=\"normal\"  data-icon-hover-color=\"#000000\" style=\"font-size: 30px;\" class=\"qode_iwt_icon_holder q_font_awsome_icon fa-lg  \"><i class=\"qode_icon_font_awesome_5 fa5 fa fa-home qode_iwt_icon_element\" style=\"color: #7d1131;\" ><\/i><\/span><\/div><div class=\"icon_text_holder\" style=\"padding-left:51px;\"><div class=\"icon_text_inner\" style=\"\"><h5 class=\"icon_title\" style=\"\">INMOBILIARIO<\/h5><p style=''>Compraventas, paga y se\u00f1al o arras, opciones, donaciones, permutas, obra nueva, divisi\u00f3n horizontal, agrupaci\u00f3n, segregaci\u00f3n, cancelaciones hipotecarias, clausulas resolutorias, embargos, censos y liberaci\u00f3n de cargas en general. Exceso de cabida, tercer\u00edas de dominio. Tanteo, retracto. Divisi\u00f3n de cosa com\u00fan.<\/p><\/div><\/div><\/div>[vc_separator type=\u00bbtransparent\u00bb up=\u00bb11&#8243; down=\u00bb0&#8243;][\/vc_column_inner][vc_column_inner width=\u00bb1\/3&#8243;]<div class='q_icon_with_title tiny normal_icon '><div class=\"icon_holder q_icon_animation\" style=\" transition-delay: 100ms; -webkit-transition-delay: 100ms; -moz-transition-delay: 100ms; -o-transition-delay: 100ms;\"><span data-icon-type=\"normal\"   style=\"font-size: 30px;\" class=\"qode_iwt_icon_holder q_font_awsome_icon fa-lg  \"><i class=\"qode_icon_font_awesome_5 fa5 fa fa-file-signature qode_iwt_icon_element\" style=\"color: #7d1131;\" ><\/i><\/span><\/div><div class=\"icon_text_holder\" style=\"padding-left:51px;\"><div class=\"icon_text_inner\" style=\"\"><h5 class=\"icon_title\" style=\"\">ARRENDAMIENTOS<\/h5><p style=''>Contratos, aumentos, repercusiones, subrogaci\u00f3n, rescisi\u00f3n por falta de pago, no ocupaci\u00f3n, cesi\u00f3n inconsentida, obras, ruina, necesidad para un familiar, derribo de la finca para edificar otra, tramites Gobierno Civil.<\/p><\/div><\/div><\/div>[vc_separator type=\u00bbtransparent\u00bb up=\u00bb11&#8243; down=\u00bb0&#8243;][\/vc_column_inner][vc_column_inner width=\u00bb1\/3&#8243;]<div class='q_icon_with_title tiny normal_icon '><div class=\"icon_holder q_icon_animation\" style=\" transition-delay: 100ms; -webkit-transition-delay: 100ms; -moz-transition-delay: 100ms; -o-transition-delay: 100ms;\"><span data-icon-type=\"normal\"   style=\"font-size: 28px;\" class=\"qode_iwt_icon_holder q_font_awsome_icon fa-lg  \"><i class=\"qode_icon_font_awesome_5 fa5 fa fa-ring qode_iwt_icon_element\" style=\"color: #7d1131;\" ><\/i><\/span><\/div><div class=\"icon_text_holder\" style=\"padding-left:49px;\"><div class=\"icon_text_inner\" style=\"\"><h5 class=\"icon_title\" style=\"\">MATRIMONIAL<\/h5><p style=''>Capitulaciones matrimoniales, separaciones, divorcios, convenios, disoluci\u00f3n y liquidaci\u00f3n r\u00e9gimen econ\u00f3mico matrimonial, adjudicaci\u00f3n de bienes, reclamaci\u00f3n de pensiones, alimentos y custodias.<\/p><\/div><\/div><\/div>[vc_separator type=\u00bbtransparent\u00bb up=\u00bb11&#8243; down=\u00bb0&#8243;][\/vc_column_inner][\/vc_row_inner][vc_row_inner row_type=\u00bbrow\u00bb type=\u00bbfull_width\u00bb text_align=\u00bbleft\u00bb css_animation=\u00bb\u00bb][vc_column_inner width=\u00bb1\/3&#8243;]<div class='q_icon_with_title tiny normal_icon '><div class=\"icon_holder q_icon_animation\" style=\" transition-delay: 100ms; -webkit-transition-delay: 100ms; -moz-transition-delay: 100ms; -o-transition-delay: 100ms;\"><span data-icon-type=\"normal\"   style=\"font-size: 30px;\" class=\"qode_iwt_icon_holder q_font_awsome_icon fa-lg  \"><i class=\"qode_icon_font_awesome_5 fa5 fa fa-layer-group qode_iwt_icon_element\" style=\"color: #7d1131;\" ><\/i><\/span><\/div><div class=\"icon_text_holder\" style=\"padding-left:51px;\"><div class=\"icon_text_inner\" style=\"\"><h5 class=\"icon_title\" style=\"\">REGISTRAL Y FISCAL<\/h5><p style=''>Tramitaci\u00f3n e inscripci\u00f3n de Escrituras en el Registro de la Propiedad, Registro Mercantil y Registro Civil. Liquidaci\u00f3n de impuestos y Plus Val\u00edas.<\/p><\/div><\/div><\/div>[vc_separator type=\u00bbtransparent\u00bb up=\u00bb11&#8243; down=\u00bb0&#8243;][\/vc_column_inner][vc_column_inner width=\u00bb1\/3&#8243;]<div class='q_icon_with_title tiny normal_icon '><div class=\"icon_holder q_icon_animation\" style=\" transition-delay: 100ms; -webkit-transition-delay: 100ms; -moz-transition-delay: 100ms; -o-transition-delay: 100ms;\"><span data-icon-type=\"normal\"   style=\"font-size: 28px;\" class=\"qode_iwt_icon_holder q_font_awsome_icon fa-lg  \"><i class=\"qode_icon_font_awesome_5 fa5 fa fa-balance-scale qode_iwt_icon_element\" style=\"color: #7d1131;\" ><\/i><\/span><\/div><div class=\"icon_text_holder\" style=\"padding-left:49px;\"><div class=\"icon_text_inner\" style=\"\"><h5 class=\"icon_title\" style=\"\">PROCESAL<\/h5><p style=''>Procedimientos Judiciales, monitorios, declarativos, juicios verbales y ordinarios, ejecuci\u00f3n de Sentencias, recursos de apelaci\u00f3n, casaci\u00f3n y amparo.<\/p><\/div><\/div><\/div>[vc_separator type=\u00bbtransparent\u00bb up=\u00bb11&#8243; down=\u00bb0&#8243;][\/vc_column_inner][vc_column_inner width=\u00bb1\/3&#8243;]<div class='q_icon_with_title tiny normal_icon '><div class=\"icon_holder q_icon_animation\" style=\" transition-delay: 100ms; -webkit-transition-delay: 100ms; -moz-transition-delay: 100ms; -o-transition-delay: 100ms;\"><span data-icon-type=\"normal\"   style=\"font-size: 30px;\" class=\"qode_iwt_icon_holder q_font_awsome_icon fa-lg  \"><i class=\"qode_icon_font_awesome_5 fa5 fa fa-building qode_iwt_icon_element\" style=\"color: #7d1131;\" ><\/i><\/span><\/div><div class=\"icon_text_holder\" style=\"padding-left:51px;\"><div class=\"icon_text_inner\" style=\"\"><h5 class=\"icon_title\" style=\"\">COMUNIDAD PROPIETARIOS<\/h5><p style=''>Defectos de construcci\u00f3n, reclamaci\u00f3n promotor, constructor o facultativos, vicios ocultos, reclamaci\u00f3n de cuotas.<\/p><\/div><\/div><\/div>[vc_separator type=\u00bbtransparent\u00bb up=\u00bb11&#8243; down=\u00bb0&#8243;][\/vc_column_inner][\/vc_row_inner][vc_row_inner row_type=\u00bbrow\u00bb type=\u00bbfull_width\u00bb text_align=\u00bbleft\u00bb css_animation=\u00bb\u00bb][vc_column_inner width=\u00bb1\/3&#8243;]<div class='q_icon_with_title tiny normal_icon '><div class=\"icon_holder q_icon_animation\" style=\" transition-delay: 100ms; -webkit-transition-delay: 100ms; -moz-transition-delay: 100ms; -o-transition-delay: 100ms;\"><span data-icon-type=\"normal\"   style=\"font-size: 30px;\" class=\"qode_iwt_icon_holder q_font_awsome_icon fa-lg  \"><i class=\"qode_icon_font_awesome_5 fa5 fa fa-handshake qode_iwt_icon_element\" style=\"color: #7d1131;\" ><\/i><\/span><\/div><div class=\"icon_text_holder\" style=\"padding-left:51px;\"><div class=\"icon_text_inner\" style=\"\"><h5 class=\"icon_title\" style=\"\">CONTRATACI\u00d3N<\/h5><p style=''>Negociaci\u00f3n y elaboraci\u00f3n de contratos, preparaci\u00f3n y asistencia Escrituras.<\/p><\/div><\/div><\/div>[vc_separator type=\u00bbtransparent\u00bb up=\u00bb11&#8243; down=\u00bb0&#8243;][\/vc_column_inner][vc_column_inner width=\u00bb1\/3&#8243;]<div class='q_icon_with_title tiny normal_icon '><div class=\"icon_holder q_icon_animation\" style=\" transition-delay: 100ms; -webkit-transition-delay: 100ms; -moz-transition-delay: 100ms; -o-transition-delay: 100ms;\"><span data-icon-type=\"normal\"   style=\"font-size: 28px;\" class=\"qode_iwt_icon_holder q_font_awsome_icon fa-lg  \"><i class=\"qode_icon_font_awesome_5 fa5 fa fa-child qode_iwt_icon_element\" style=\"color: #7d1131;\" ><\/i><\/span><\/div><div class=\"icon_text_holder\" style=\"padding-left:49px;\"><div class=\"icon_text_inner\" style=\"\"><h5 class=\"icon_title\" style=\"\">INCAPACIDAD Y TUTELAS<\/h5><p style=''>Declaraciones de incapacidad, nombramientos de tutor, rendici\u00f3n de cuantas, autorizaciones de venta.<\/p><\/div><\/div><\/div>[vc_separator type=\u00bbtransparent\u00bb up=\u00bb11&#8243; down=\u00bb0&#8243;][\/vc_column_inner][vc_column_inner width=\u00bb1\/3&#8243;]<div class='q_icon_with_title tiny normal_icon '><div class=\"icon_holder q_icon_animation\" style=\" transition-delay: 100ms; -webkit-transition-delay: 100ms; -moz-transition-delay: 100ms; -o-transition-delay: 100ms;\"><span data-icon-type=\"normal\"   style=\"font-size: 30px;\" class=\"qode_iwt_icon_holder q_font_awsome_icon fa-lg  \"><i class=\"qode_icon_font_awesome_5 fa5 fa fa-exchange-alt qode_iwt_icon_element\" style=\"color: #7d1131;\" ><\/i><\/span><\/div><div class=\"icon_text_holder\" style=\"padding-left:51px;\"><div class=\"icon_text_inner\" style=\"\"><h5 class=\"icon_title\" style=\"\">SUCESIONES<\/h5><p style=''>Testamentos, declaraciones de herederos, inventario, aceptaci\u00f3n y reclamaci\u00f3n de herencia, legados y legitimas.<\/p><\/div><\/div><\/div>[vc_separator type=\u00bbtransparent\u00bb up=\u00bb11&#8243; down=\u00bb0&#8243;][\/vc_column_inner][\/vc_row_inner][vc_row_inner row_type=\u00bbrow\u00bb type=\u00bbfull_width\u00bb text_align=\u00bbleft\u00bb css_animation=\u00bb\u00bb][vc_column_inner width=\u00bb1\/3&#8243;]<div class='q_icon_with_title tiny normal_icon '><div class=\"icon_holder q_icon_animation\" style=\" transition-delay: 100ms; -webkit-transition-delay: 100ms; -moz-transition-delay: 100ms; -o-transition-delay: 100ms;\"><span data-icon-type=\"normal\"   style=\"font-size: 28px;\" class=\"qode_iwt_icon_holder q_font_awsome_icon fa-lg  \"><i class=\"qode_icon_font_awesome_5 fa5 fa fa-clipboard-list qode_iwt_icon_element\" style=\"color: #7d1131;\" ><\/i><\/span><\/div><div class=\"icon_text_holder\" style=\"padding-left:49px;\"><div class=\"icon_text_inner\" style=\"\"><h5 class=\"icon_title\" style=\"\">RECLAMACIONES<\/h5><p style=''>Deudas, impagados, morosos y ejecuciones.<\/p><\/div><\/div><\/div>[vc_separator type=\u00bbtransparent\u00bb up=\u00bb11&#8243; down=\u00bb0&#8243;][\/vc_column_inner][vc_column_inner width=\u00bb1\/3&#8243;][vc_separator type=\u00bbtransparent\u00bb up=\u00bb11&#8243; down=\u00bb0&#8243;][\/vc_column_inner][vc_column_inner width=\u00bb1\/3&#8243;][vc_separator type=\u00bbtransparent\u00bb up=\u00bb11&#8243; down=\u00bb0&#8243;][\/vc_column_inner][\/vc_row_inner][\/vc_column][\/vc_row]<\/p>\n","protected":false},"excerpt":{"rendered":"<p>[vc_row css_animation=\u00bb\u00bb row_type=\u00bbrow\u00bb use_row_as_full_screen_section=\u00bbno\u00bb type=\u00bbgrid\u00bb angled_section=\u00bbno\u00bb text_align=\u00bbleft\u00bb background_image_as_pattern=\u00bbwithout_pattern\u00bb padding_top=\u00bb82&#8243; padding_bottom=\u00bb0&#8243; background_color=\u00bb#ffffff\u00bb z_index=\u00bb\u00bb anchor=\u00bbqf1&#8243;][vc_column][vc_column_text] Abogados [\/vc_column_text][vc_separator type=\u00bbsmall\u00bb position=\u00bbcenter\u00bb down=\u00bb20&#8243; up=\u00bb20&#8243; color=\u00bb#7d1131&#8243; width=\u00bb200&#8243;][vc_row_inner row_type=\u00bbrow\u00bb type=\u00bbfull_width\u00bb text_align=\u00bbleft\u00bb css_animation=\u00bb\u00bb][vc_column_inner][vc_column_text] Departamento legal con abogados pertenecientes al \u00abIL\u00b7LUSTRE COL\u00b7LEGI D&#8217;ADVOCATS DE BARCELONA\u00bb especializados en derecho. [\/vc_column_text][vc_separator type=\u00bbtransparent\u00bb up=\u00bb111&#8243; down=\u00bb0&#8243;][\/vc_column_inner][\/vc_row_inner][\/vc_column][\/vc_row][vc_row css_animation=\u00bb\u00bb row_type=\u00bbrow\u00bb&#8230;<\/p>\n","protected":false},"author":1,"featured_media":0,"parent":0,"menu_order":0,"comment_status":"open","ping_status":"closed","template":"full_width.php","meta":{"footnotes":""},"class_list":["post-16716","page","type-page","status-publish","hentry"],"_links":{"self":[{"href":"https:\/\/fabrega-advocats.com\/es\/wp-json\/wp\/v2\/pages\/16716","targetHints":{"allow":["GET"]}}],"collection":[{"href":"https:\/\/fabrega-advocats.com\/es\/wp-json\/wp\/v2\/pages"}],"about":[{"href":"https:\/\/fabrega-advocats.com\/es\/wp-json\/wp\/v2\/types\/page"}],"author":[{"embeddable":true,"href":"https:\/\/fabrega-advocats.com\/es\/wp-json\/wp\/v2\/users\/1"}],"replies":[{"embeddable":true,"href":"https:\/\/fabrega-advocats.com\/es\/wp-json\/wp\/v2\/comments?post=16716"}],"version-history":[{"count":0,"href":"https:\/\/fabrega-advocats.com\/es\/wp-json\/wp\/v2\/pages\/16716\/revisions"}],"wp:attachment":[{"href":"https:\/\/fabrega-advocats.com\/es\/wp-json\/wp\/v2\/media?parent=16716"}],"curies":[{"name":"wp","href":"https:\/\/api.w.org\/{rel}","templated":true}]}}