{"id":16728,"date":"2021-11-24T14:21:33","date_gmt":"2021-11-24T14:21:33","guid":{"rendered":"https:\/\/fabrega-advocats.com\/?page_id=16728"},"modified":"2023-10-20T11:02:22","modified_gmt":"2023-10-20T09:02:22","slug":"fundacion-jaume-batlle-bigas","status":"publish","type":"page","link":"https:\/\/fabrega-advocats.com\/es\/fundacion-jaume-batlle-bigas\/","title":{"rendered":"Fundaci\u00f3n Jaume Batlle Bigas"},"content":{"rendered":"<p>[vc_row css_animation=\u00bb\u00bb row_type=\u00bbrow\u00bb use_row_as_full_screen_section=\u00bbno\u00bb type=\u00bbgrid\u00bb angled_section=\u00bbno\u00bb text_align=\u00bbleft\u00bb background_image_as_pattern=\u00bbwithout_pattern\u00bb padding_top=\u00bb82&#8243; padding_bottom=\u00bb0&#8243; anchor=\u00bbportfolio\u00bb background_color=\u00bb#ffffff\u00bb z_index=\u00bb\u00bb][vc_column][vc_column_text]<\/p>\n<h2 style=\"text-align: center;\">F\u00e0brega Advocats en colaboraci\u00f3n con la Fundaci\u00f3n Jaume Batlle Bigas<\/h2>\n<p>[\/vc_column_text][vc_separator type=\u00bbsmall\u00bb position=\u00bbcenter\u00bb color=\u00bb#7d1131&#8243; width=\u00bb200&#8243; up=\u00bb20&#8243; down=\u00bb20&#8243;][\/vc_column][\/vc_row][vc_row css_animation=\u00bb\u00bb row_type=\u00bbrow\u00bb use_row_as_full_screen_section=\u00bbno\u00bb type=\u00bbgrid\u00bb angled_section=\u00bbno\u00bb text_align=\u00bbcenter\u00bb background_image_as_pattern=\u00bbwithout_pattern\u00bb z_index=\u00bb\u00bb][vc_column][vc_column_text]Si bien desde hace a\u00f1os que F\u00c0BREGA ABOGADOS colabora con la \u00abFUNDACI\u00d3N JAUME BATLLE BIGAS\u00bb, hace unos meses hemos incrementado el trabajo conjunto con la Fundaci\u00f3n, una entidad social sin \u00e1nimo de lucro, tutelada por la GENERALITAT DE CATALUNYA. La Fundaci\u00f3n nacida a finales del a\u00f1o 2002 en el barrio de Poblenou de Barcelona es en memoria de JAUME BATLLE BIGAS, que a su vez fue cofundador de la FUNDACI\u00d3N PERE RELATS.[\/vc_column_text][vc_column_text]El objetivo social de la \u00abFUNDACI\u00d3N JAUME BATLLE BIGAS\u00bb es proteger personas mayores legalmente incapacitadas velando por su calidad de vida, defendiendo sus derechos e intereses y acompa\u00f1\u00e1ndolas en el \u00faltimo tramo de su vida.[\/vc_column_text][vc_empty_space][\/vc_column][\/vc_row][vc_row css_animation=\u00bb\u00bb row_type=\u00bbrow\u00bb use_row_as_full_screen_section=\u00bbno\u00bb type=\u00bbgrid\u00bb angled_section=\u00bbno\u00bb text_align=\u00bbleft\u00bb background_image_as_pattern=\u00bbwithout_pattern\u00bb z_index=\u00bb\u00bb][vc_column width=\u00bb1\/4&#8243;][\/vc_column][vc_column width=\u00bb1\/2&#8243;][vc_single_image image=\u00bb27034&#8243; img_size=\u00bblarge\u00bb alignment=\u00bbcenter\u00bb qode_css_animation=\u00bb\u00bb][\/vc_column][vc_column width=\u00bb1\/4&#8243;][\/vc_column][\/vc_row][vc_row css_animation=\u00bb\u00bb row_type=\u00bbrow\u00bb use_row_as_full_screen_section=\u00bbno\u00bb type=\u00bbgrid\u00bb angled_section=\u00bbno\u00bb text_align=\u00bbcenter\u00bb background_image_as_pattern=\u00bbwithout_pattern\u00bb z_index=\u00bb\u00bb][vc_column][vc_empty_space][vc_column_text]La \u00abFUNDACI\u00d3N JAUME BATLLE BIGAS\u00bb tiene por objeto la tutela, el cuidado y la protecci\u00f3n integrales de personas, en especial mayores, que carecen del autogobierno suficiente para regir su persona y sus bienes.<\/p>\n<p>La \u00abFUNDACI\u00d3N JAUME BATLLE BIGAS\u00bb ejerce la tutela desde cuatro \u00e1mbitos: el social, el sanitario, el econ\u00f3mico-patrimonial y el jur\u00eddico. En cuanto a los dos primeros, el social y el sanitario, est\u00e1 ejercido por un equipo formado por trabajadoras sociales, educadoras sociales, integradoras sociales y auxiliares de tutela que cuidan permanentemente de todo lo que la persona tutelada pueda necesitar tanto a nivel material como de valores intangibles como la compa\u00f1\u00eda, conversaci\u00f3n, el paseo, excursiones, etc. En el \u00e1mbito econ\u00f3mico-patrimonial, F\u00c0BREGA ABOGADOS colabora realizando algunas tareas como gestionar patrimonios o mantenimiento de inmuebles. Por \u00faltimo, la FUNDACI\u00d3N JAUME BATLLE BIGAS nos conf\u00eda el servicio jur\u00eddico, tanto de la Fundaci\u00f3n como del tutelados, con la vehiculaci\u00f3n de la documentaci\u00f3n que se debe presentar en los juzgados como son las rendiciones de cuentas anuales de cada tutelado, tambi\u00e9n puntualmente representar el tutelado que pueda estar involucrado en alguna causa judicial por cuestiones familiares o patrimoniales y cuidar el asesoramiento jur\u00eddico que requieren otras situaciones que puedan surgir.<\/p>\n<p>La FUNDACI\u00d3N JAUME BATLLE BIGAS cuenta con financiaci\u00f3n p\u00fablica para llegar al m\u00ednimo vital imprescindible, pero desde el Patronato de la Fundaci\u00f3n se esfuerzan por ir m\u00e1s all\u00e1 con la ayuda de empresas, instituciones y particulares. Si se quiere colaborar, m\u00e1s all\u00e1 de aportaciones econ\u00f3micas que siempre ser\u00e1n bienvenidas, con voluntariado para acompa\u00f1ar a los tutelados a pasear, al cine, de excursi\u00f3n, o cualquier actividad de ocio, se puede hacer mediante el tel\u00e9fono 93 900 94 96 o por correo electr\u00f3nico a <a href=\"mailto:informacio@fundacio-jbatlle.org\">informacio@fundacio-jbatlle.org<\/a>[\/vc_column_text][vc_empty_space][vc_empty_space height=\u00bb50px\u00bb][\/vc_column][\/vc_row]<\/p>\n","protected":false},"excerpt":{"rendered":"<p>[vc_row css_animation=\u00bb\u00bb row_type=\u00bbrow\u00bb use_row_as_full_screen_section=\u00bbno\u00bb type=\u00bbgrid\u00bb angled_section=\u00bbno\u00bb text_align=\u00bbleft\u00bb background_image_as_pattern=\u00bbwithout_pattern\u00bb padding_top=\u00bb82&#8243; padding_bottom=\u00bb0&#8243; anchor=\u00bbportfolio\u00bb background_color=\u00bb#ffffff\u00bb z_index=\u00bb\u00bb][vc_column][vc_column_text] F\u00e0brega Advocats en colaboraci\u00f3n con la Fundaci\u00f3n Jaume Batlle Bigas [\/vc_column_text][vc_separator type=\u00bbsmall\u00bb position=\u00bbcenter\u00bb color=\u00bb#7d1131&#8243; width=\u00bb200&#8243; up=\u00bb20&#8243; down=\u00bb20&#8243;][\/vc_column][\/vc_row][vc_row css_animation=\u00bb\u00bb row_type=\u00bbrow\u00bb use_row_as_full_screen_section=\u00bbno\u00bb type=\u00bbgrid\u00bb angled_section=\u00bbno\u00bb text_align=\u00bbcenter\u00bb background_image_as_pattern=\u00bbwithout_pattern\u00bb z_index=\u00bb\u00bb][vc_column][vc_column_text]Si bien desde hace a\u00f1os que F\u00c0BREGA ABOGADOS&#8230;<\/p>\n","protected":false},"author":1,"featured_media":0,"parent":0,"menu_order":0,"comment_status":"open","ping_status":"open","template":"full_width.php","meta":{"footnotes":""},"class_list":["post-16728","page","type-page","status-publish","hentry"],"_links":{"self":[{"href":"https:\/\/fabrega-advocats.com\/es\/wp-json\/wp\/v2\/pages\/16728","targetHints":{"allow":["GET"]}}],"collection":[{"href":"https:\/\/fabrega-advocats.com\/es\/wp-json\/wp\/v2\/pages"}],"about":[{"href":"https:\/\/fabrega-advocats.com\/es\/wp-json\/wp\/v2\/types\/page"}],"author":[{"embeddable":true,"href":"https:\/\/fabrega-advocats.com\/es\/wp-json\/wp\/v2\/users\/1"}],"replies":[{"embeddable":true,"href":"https:\/\/fabrega-advocats.com\/es\/wp-json\/wp\/v2\/comments?post=16728"}],"version-history":[{"count":1,"href":"https:\/\/fabrega-advocats.com\/es\/wp-json\/wp\/v2\/pages\/16728\/revisions"}],"predecessor-version":[{"id":27036,"href":"https:\/\/fabrega-advocats.com\/es\/wp-json\/wp\/v2\/pages\/16728\/revisions\/27036"}],"wp:attachment":[{"href":"https:\/\/fabrega-advocats.com\/es\/wp-json\/wp\/v2\/media?parent=16728"}],"curies":[{"name":"wp","href":"https:\/\/api.w.org\/{rel}","templated":true}]}}